{"id":49,"date":"2020-03-01T15:21:47","date_gmt":"2020-03-01T15:21:47","guid":{"rendered":"https:\/\/psych-mvz.de\/?page_id=49"},"modified":"2020-03-01T15:41:05","modified_gmt":"2020-03-01T15:41:05","slug":"so-finden-sie-uns","status":"publish","type":"page","link":"https:\/\/www.mvz-nerven-psyche.de\/?page_id=49","title":{"rendered":"So finden Sie uns"},"content":{"rendered":"\n<p class=\"has-large-font-size\">Standort Rahlstedt<\/p>\n\n\n\n<p>Mit den \u00f6ffentlichen Verkehrsmitteln bis Haltestelle Hamburg Rahlstedt und dann \u00fcber den Doberaner Weg in den Heestweg (ca. 5 Minuten Fu\u00dfweg).<\/p>\n\n\n\n<p>Mit dem Auto \u00fcber den Doberaner Weg oder die Scharbeutzer Stra\u00dfe in den Heestweg.<br>Unsere Praxis befindet sich Heestweg Ecke Doberaner Weg (Heestweg 12a).<\/p>\n\n\n\n<p><strong>Auf unserem Gel\u00e4nde befinden sich leider keine Parkpl\u00e4tze. Bitte benutzen Sie \u00f6ffentliche Parkm\u00f6glichkeiten.<\/strong><\/p>\n\n\n<p><iframe loading=\"lazy\" src=\"https:\/\/www.google.com\/maps\/embed?pb=!1m18!1m12!1m3!1d1183.7168670718559!2d10.15207221986942!3d53.60356484737923!2m3!1f0!2f0!3f0!3m2!1i1024!2i768!4f13.1!3m3!1m2!1s0x4163bb1dc1e80365%3A0x78bb992e376e094!2sPraxisgemeinschaft%20Rahlstedt%20Neurologie%20und%20Psychiatrie!5e0!3m2!1sde!2sde!4v1583010491085!5m2!1sde!2sde\" width=\"600\" height=\"450\" frameborder=\"0\" style=\"border:0;\" allowfullscreen=\"\"><\/iframe><\/p>\n\n\n\n<p class=\"has-large-font-size\">Standort Bahrenfeld<\/p>\n\n\n\n<p>Die n\u00e4chstgelegenen Haltestellen sind die Bushaltestelle Bornkampsweg (ca. 5 Minuten Fu\u00dfweg) und die S-Bahn- und Bushaltestelle Bahrenfeld (ca. 10 Minuten Fu\u00dfweg).<\/p>\n\n\n\n<p>Mit dem Auto \u00fcber die Bahrenfelder Chaussee zur Mendelssohnstra\u00dfe 15c.<\/p>\n\n\n\n<p><strong>Auf unserem Gel\u00e4nde befinden sich leider keine Parkpl\u00e4tze. Bitte benutzen Sie \u00f6ffentliche Parkm\u00f6glichkeiten.<\/strong><\/p>\n\n\n<p><iframe loading=\"lazy\" src=\"https:\/\/www.google.com\/maps\/embed?pb=!1m18!1m12!1m3!1d1184.864642985069!2d9.91385599336614!3d53.56259987992681!2m3!1f0!2f0!3f0!3m2!1i1024!2i768!4f13.1!3m3!1m2!1s0x47b18595711ce135%3A0xef33f5cc167f17a5!2sMendelssohnstra%C3%9Fe%2015C%2C%2022761%20Hamburg!5e0!3m2!1sde!2sde!4v1583077235136!5m2!1sde!2sde\" width=\"600\" height=\"450\" frameborder=\"0\" style=\"border:0;\" allowfullscreen=\"\"><\/iframe><\/p>\n","protected":false},"excerpt":{"rendered":"<p>Standort Rahlstedt Mit den \u00f6ffentlichen Verkehrsmitteln bis Haltestelle Hamburg Rahlstedt und dann \u00fcber den Doberaner Weg in den Heestweg (ca. 5 Minuten [&hellip;]<\/p>\n","protected":false},"author":1,"featured_media":0,"parent":0,"menu_order":0,"comment_status":"closed","ping_status":"closed","template":"","meta":{"footnotes":""},"class_list":["post-49","page","type-page","status-publish","hentry"],"_links":{"self":[{"href":"https:\/\/www.mvz-nerven-psyche.de\/index.php?rest_route=\/wp\/v2\/pages\/49","targetHints":{"allow":["GET"]}}],"collection":[{"href":"https:\/\/www.mvz-nerven-psyche.de\/index.php?rest_route=\/wp\/v2\/pages"}],"about":[{"href":"https:\/\/www.mvz-nerven-psyche.de\/index.php?rest_route=\/wp\/v2\/types\/page"}],"author":[{"embeddable":true,"href":"https:\/\/www.mvz-nerven-psyche.de\/index.php?rest_route=\/wp\/v2\/users\/1"}],"replies":[{"embeddable":true,"href":"https:\/\/www.mvz-nerven-psyche.de\/index.php?rest_route=%2Fwp%2Fv2%2Fcomments&post=49"}],"version-history":[{"count":4,"href":"https:\/\/www.mvz-nerven-psyche.de\/index.php?rest_route=\/wp\/v2\/pages\/49\/revisions"}],"predecessor-version":[{"id":54,"href":"https:\/\/www.mvz-nerven-psyche.de\/index.php?rest_route=\/wp\/v2\/pages\/49\/revisions\/54"}],"wp:attachment":[{"href":"https:\/\/www.mvz-nerven-psyche.de\/index.php?rest_route=%2Fwp%2Fv2%2Fmedia&parent=49"}],"curies":[{"name":"wp","href":"https:\/\/api.w.org\/{rel}","templated":true}]}}